{"id":15,"date":"2010-05-18T12:45:12","date_gmt":"2010-05-18T12:45:12","guid":{"rendered":"http:\/\/bildbudskap.local\/?page_id=15"},"modified":"2015-11-22T13:20:46","modified_gmt":"2015-11-22T13:20:46","slug":"kontakt","status":"publish","type":"page","link":"https:\/\/bildbudskap.se\/?page_id=15","title":{"rendered":"Kontakt"},"content":{"rendered":"<p>Om du har n\u00e5gra fr\u00e5gor eller funderingar \u00e4r Du v\u00e4lkommen att kontakta mig!<\/p>\n<table>\n<tbody>\n<tr>\n<td valign=\"top\" width=\"200\">Tel: 0280-102 94<br \/>\nMobil: 070-579 56 24<br \/>\n<a href=\"mailto:info@bildbudskap.se\">info@bildbudskap.se<\/a><\/td>\n<td valign=\"top\">Bild &amp; Budskap<br \/>\nIdb\u00e4ck\u00a0155<br \/>\n782 90 Malung<\/td>\n<\/tr>\n<\/tbody>\n<\/table>\n<p>&nbsp;<\/p>\n<table>\n<tbody>\n<tr>\n<td width=\"50\"><a href=\"https:\/\/www.facebook.com\/bildbudskap\/\"><img loading=\"lazy\" class=\"alignnone size-full wp-image-444\" src=\"https:\/\/bildbudskap.se\/wp-content\/uploads\/facebook-icon.png\" alt=\"Bild &amp; Budskap p\u00e5 Facebook\" width=\"40\" height=\"40\" \/><\/a><\/td>\n<td><a href=\"https:\/\/www.facebook.com\/bildbudskap\/\">Gilla Bild &amp; Budskap p\u00e5 Facebook!<\/a><\/td>\n<\/tr>\n<\/tbody>\n<\/table>\n","protected":false},"excerpt":{"rendered":"<p>Om du har n\u00e5gra fr\u00e5gor eller funderingar \u00e4r Du v\u00e4lkommen att kontakta mig! Tel: 0280-102 94 Mobil: 070-579 56 24 info@bildbudskap.se Bild &amp; Budskap Idb\u00e4ck\u00a0155 782 90 Malung &nbsp; Gilla Bild &amp; Budskap p\u00e5 Facebook!<\/p>\n","protected":false},"author":1,"featured_media":0,"parent":0,"menu_order":5,"comment_status":"open","ping_status":"open","template":"","meta":[],"_links":{"self":[{"href":"https:\/\/bildbudskap.se\/index.php?rest_route=\/wp\/v2\/pages\/15"}],"collection":[{"href":"https:\/\/bildbudskap.se\/index.php?rest_route=\/wp\/v2\/pages"}],"about":[{"href":"https:\/\/bildbudskap.se\/index.php?rest_route=\/wp\/v2\/types\/page"}],"author":[{"embeddable":true,"href":"https:\/\/bildbudskap.se\/index.php?rest_route=\/wp\/v2\/users\/1"}],"replies":[{"embeddable":true,"href":"https:\/\/bildbudskap.se\/index.php?rest_route=%2Fwp%2Fv2%2Fcomments&post=15"}],"version-history":[{"count":9,"href":"https:\/\/bildbudskap.se\/index.php?rest_route=\/wp\/v2\/pages\/15\/revisions"}],"predecessor-version":[{"id":457,"href":"https:\/\/bildbudskap.se\/index.php?rest_route=\/wp\/v2\/pages\/15\/revisions\/457"}],"wp:attachment":[{"href":"https:\/\/bildbudskap.se\/index.php?rest_route=%2Fwp%2Fv2%2Fmedia&parent=15"}],"curies":[{"name":"wp","href":"https:\/\/api.w.org\/{rel}","templated":true}]}}