{"id":2,"date":"2010-05-18T10:13:02","date_gmt":"2010-05-18T10:13:02","guid":{"rendered":"http:\/\/bildbudskap.local\/?page_id=2"},"modified":"2015-11-23T19:36:28","modified_gmt":"2015-11-23T19:36:28","slug":"om","status":"publish","type":"page","link":"https:\/\/bildbudskap.se\/","title":{"rendered":"Start"},"content":{"rendered":"<p>Bild &amp; Budskap \u00e4r ett erfaret och inspirerat f\u00f6retag inom <strong><em>foto<\/em><\/strong>, <strong><em>journalistik<\/em><\/strong>, <strong><em>dans<\/em><\/strong> och <strong><em>teater<\/em><\/strong>.<\/p>\n<p>\u201dJag vill skapa bilder som f\u00e5ngar det levande och vackra som finns \u00f6verallt runt omkring oss &#8211; barns spontanitet och charmiga lekfullhet, liksom de romantiska och k\u00e4nsloladdade \u00f6gonblicken under en br\u00f6llopsdag, oavsett om de f\u00e5ngas en kristallklar vinterdag i S\u00e4len eller en ljummen sommardag p\u00e5 \u00d6land\u201d<\/p>\n<p>&nbsp;<\/p>\n<p>F\u00f6lj g\u00e4rna\u00a0<a href=\"https:\/\/www.facebook.com\/bildbudskap\/\" target=\"_blank\">Bild &amp;\u00a0Budskap p\u00e5 Facebook<\/a>.<\/p>\n","protected":false},"excerpt":{"rendered":"<p>Bild &amp; Budskap \u00e4r ett erfaret och inspirerat f\u00f6retag inom foto, journalistik, dans och teater. \u201dJag vill skapa bilder som f\u00e5ngar det levande och vackra som finns \u00f6verallt runt omkring oss &#8211; barns spontanitet och charmiga lekfullhet, liksom de romantiska och k\u00e4nsloladdade \u00f6gonblicken under en br\u00f6llopsdag, oavsett om de f\u00e5ngas en kristallklar vinterdag i S\u00e4len [&hellip;]<\/p>\n","protected":false},"author":1,"featured_media":0,"parent":0,"menu_order":0,"comment_status":"open","ping_status":"open","template":"","meta":[],"_links":{"self":[{"href":"https:\/\/bildbudskap.se\/index.php?rest_route=\/wp\/v2\/pages\/2"}],"collection":[{"href":"https:\/\/bildbudskap.se\/index.php?rest_route=\/wp\/v2\/pages"}],"about":[{"href":"https:\/\/bildbudskap.se\/index.php?rest_route=\/wp\/v2\/types\/page"}],"author":[{"embeddable":true,"href":"https:\/\/bildbudskap.se\/index.php?rest_route=\/wp\/v2\/users\/1"}],"replies":[{"embeddable":true,"href":"https:\/\/bildbudskap.se\/index.php?rest_route=%2Fwp%2Fv2%2Fcomments&post=2"}],"version-history":[{"count":14,"href":"https:\/\/bildbudskap.se\/index.php?rest_route=\/wp\/v2\/pages\/2\/revisions"}],"predecessor-version":[{"id":450,"href":"https:\/\/bildbudskap.se\/index.php?rest_route=\/wp\/v2\/pages\/2\/revisions\/450"}],"wp:attachment":[{"href":"https:\/\/bildbudskap.se\/index.php?rest_route=%2Fwp%2Fv2%2Fmedia&parent=2"}],"curies":[{"name":"wp","href":"https:\/\/api.w.org\/{rel}","templated":true}]}}